{"id":265828,"date":"2025-02-09T15:33:23","date_gmt":"2025-02-09T14:33:23","guid":{"rendered":"https:\/\/loopery.co\/shop\/non%20class\u00e9\/t-shirt-3mois-8\/"},"modified":"2026-01-02T23:14:49","modified_gmt":"2026-01-02T22:14:49","slug":"t-shirt-3mois-8","status":"publish","type":"product","link":"https:\/\/loopery.co\/nl\/shop\/bebes-filles\/3-mois-filles\/t-shirt-3mois-8\/","title":{"rendered":"T-shirt - 3 maanden"},"content":{"rendered":"","protected":false},"excerpt":{"rendered":"<p>Tr\u00e8s l\u00e9g\u00e8res t\u00e2ches \u00e0 l&rsquo;avant<\/p>","protected":false},"featured_media":265829,"template":"","meta":[],"product_brand":[],"product_cat":[64,85,176,172],"product_tag":[1065],"giftcard-category":[],"class_list":{"0":"post-265828","1":"product","2":"type-product","3":"status-publish","4":"has-post-thumbnail","6":"product_cat-bebes-filles","7":"product_cat-3-mois-filles","8":"product_cat-petit-defaut","9":"product_cat-braderie","10":"product_tag-soldeshiver26","11":"pa_couleurs-blanc","12":"pa_etat-petit-defaut","13":"pa_genre-fille","14":"pa_marques-sergent-major","15":"pa_saison-printemps-ete","16":"pa_sorte-t-shirt-polos","17":"pa_tailles-3-mois","19":"first","20":"instock","21":"taxable","22":"shipping-taxable","23":"purchasable","24":"product-type-simple"},"_links":{"self":[{"href":"https:\/\/loopery.co\/nl\/wp-json\/wp\/v2\/product\/265828","targetHints":{"allow":["GET"]}}],"collection":[{"href":"https:\/\/loopery.co\/nl\/wp-json\/wp\/v2\/product"}],"about":[{"href":"https:\/\/loopery.co\/nl\/wp-json\/wp\/v2\/types\/product"}],"wp:featuredmedia":[{"embeddable":true,"href":"https:\/\/loopery.co\/nl\/wp-json\/wp\/v2\/media\/265829"}],"wp:attachment":[{"href":"https:\/\/loopery.co\/nl\/wp-json\/wp\/v2\/media?parent=265828"}],"wp:term":[{"taxonomy":"product_brand","embeddable":true,"href":"https:\/\/loopery.co\/nl\/wp-json\/wp\/v2\/product_brand?post=265828"},{"taxonomy":"product_cat","embeddable":true,"href":"https:\/\/loopery.co\/nl\/wp-json\/wp\/v2\/product_cat?post=265828"},{"taxonomy":"product_tag","embeddable":true,"href":"https:\/\/loopery.co\/nl\/wp-json\/wp\/v2\/product_tag?post=265828"},{"taxonomy":"giftcard-category","embeddable":true,"href":"https:\/\/loopery.co\/nl\/wp-json\/wp\/v2\/giftcard-category?post=265828"}],"curies":[{"name":"wp","href":"https:\/\/api.w.org\/{rel}","templated":true}]}}