{"id":268083,"date":"2025-02-09T17:51:12","date_gmt":"2025-02-09T16:51:12","guid":{"rendered":"https:\/\/loopery.co\/shop\/non%20class\u00e9\/blouse-18mois-18\/"},"modified":"2026-01-02T23:23:42","modified_gmt":"2026-01-02T22:23:42","slug":"blouse-18mois-18","status":"publish","type":"product","link":"https:\/\/loopery.co\/nl\/shop\/bebes-filles\/18-mois-filles\/blouse-18mois-18\/","title":{"rendered":"Blouse - 18 maanden"},"content":{"rendered":"","protected":false},"excerpt":{"rendered":"<p>Petite t\u00e2che \u00e0 l&rsquo;arri\u00e8re d&rsquo;une manche<\/p>","protected":false},"featured_media":268084,"template":"","meta":[],"product_brand":[],"product_cat":[64,104,176],"product_tag":[1162,1065],"giftcard-category":[],"class_list":{"0":"post-268083","1":"product","2":"type-product","3":"status-publish","4":"has-post-thumbnail","6":"product_cat-bebes-filles","7":"product_cat-18-mois-filles","8":"product_cat-petit-defaut","9":"product_tag-1162","10":"product_tag-soldeshiver26","11":"pa_couleurs-rose","12":"pa_etat-petit-defaut","13":"pa_genre-fille","14":"pa_marques-le-phare-de-la-baleine","15":"pa_saison-printemps-ete","16":"pa_sorte-blouses-chemises","17":"pa_tailles-18-mois","19":"first","20":"instock","21":"taxable","22":"shipping-taxable","23":"purchasable","24":"product-type-simple"},"_links":{"self":[{"href":"https:\/\/loopery.co\/nl\/wp-json\/wp\/v2\/product\/268083","targetHints":{"allow":["GET"]}}],"collection":[{"href":"https:\/\/loopery.co\/nl\/wp-json\/wp\/v2\/product"}],"about":[{"href":"https:\/\/loopery.co\/nl\/wp-json\/wp\/v2\/types\/product"}],"wp:featuredmedia":[{"embeddable":true,"href":"https:\/\/loopery.co\/nl\/wp-json\/wp\/v2\/media\/268084"}],"wp:attachment":[{"href":"https:\/\/loopery.co\/nl\/wp-json\/wp\/v2\/media?parent=268083"}],"wp:term":[{"taxonomy":"product_brand","embeddable":true,"href":"https:\/\/loopery.co\/nl\/wp-json\/wp\/v2\/product_brand?post=268083"},{"taxonomy":"product_cat","embeddable":true,"href":"https:\/\/loopery.co\/nl\/wp-json\/wp\/v2\/product_cat?post=268083"},{"taxonomy":"product_tag","embeddable":true,"href":"https:\/\/loopery.co\/nl\/wp-json\/wp\/v2\/product_tag?post=268083"},{"taxonomy":"giftcard-category","embeddable":true,"href":"https:\/\/loopery.co\/nl\/wp-json\/wp\/v2\/giftcard-category?post=268083"}],"curies":[{"name":"wp","href":"https:\/\/api.w.org\/{rel}","templated":true}]}}