{"id":268151,"date":"2020-03-08T10:35:17","date_gmt":"2020-03-08T09:35:17","guid":{"rendered":"https:\/\/loopery.co\/shop\/non%20class\u00e9\/robe-de-grossesse-cinqueterre-42\/"},"modified":"2026-01-02T23:18:35","modified_gmt":"2026-01-02T22:18:35","slug":"robe-de-grossesse-cinqueterre-42","status":"publish","type":"product","link":"https:\/\/loopery.co\/nl\/shop\/braderie\/robe-de-grossesse-cinqueterre-42\/","title":{"rendered":"CINQUETERRE JURK - 42"},"content":{"rendered":"","protected":false},"excerpt":{"rendered":"<p><span style=\"font-weight: 400\">Une robe courte et rouge, c&rsquo;est la sexy attitude assur\u00e9e tout l&rsquo;\u00e9t\u00e9 ! Elle conviendra aussi parfaitement pour l&rsquo;allaitement avec ses bretelles ajustables.<\/span><\/p>\n<p><strong>Maat: 42<\/strong><\/p>","protected":false},"featured_media":268152,"template":"","meta":[],"product_brand":[],"product_cat":[307,172],"product_tag":[1065],"giftcard-category":[],"class_list":{"0":"post-268151","1":"product","2":"type-product","3":"status-publish","4":"has-post-thumbnail","6":"product_cat-maternite","7":"product_cat-braderie","8":"product_tag-soldeshiver26","10":"first","11":"instock","12":"sale","13":"taxable","14":"shipping-taxable","15":"purchasable","16":"product-type-simple"},"_links":{"self":[{"href":"https:\/\/loopery.co\/nl\/wp-json\/wp\/v2\/product\/268151","targetHints":{"allow":["GET"]}}],"collection":[{"href":"https:\/\/loopery.co\/nl\/wp-json\/wp\/v2\/product"}],"about":[{"href":"https:\/\/loopery.co\/nl\/wp-json\/wp\/v2\/types\/product"}],"wp:featuredmedia":[{"embeddable":true,"href":"https:\/\/loopery.co\/nl\/wp-json\/wp\/v2\/media\/268152"}],"wp:attachment":[{"href":"https:\/\/loopery.co\/nl\/wp-json\/wp\/v2\/media?parent=268151"}],"wp:term":[{"taxonomy":"product_brand","embeddable":true,"href":"https:\/\/loopery.co\/nl\/wp-json\/wp\/v2\/product_brand?post=268151"},{"taxonomy":"product_cat","embeddable":true,"href":"https:\/\/loopery.co\/nl\/wp-json\/wp\/v2\/product_cat?post=268151"},{"taxonomy":"product_tag","embeddable":true,"href":"https:\/\/loopery.co\/nl\/wp-json\/wp\/v2\/product_tag?post=268151"},{"taxonomy":"giftcard-category","embeddable":true,"href":"https:\/\/loopery.co\/nl\/wp-json\/wp\/v2\/giftcard-category?post=268151"}],"curies":[{"name":"wp","href":"https:\/\/api.w.org\/{rel}","templated":true}]}}