{"id":275193,"date":"2025-02-09T22:00:00","date_gmt":"2025-02-09T21:00:00","guid":{"rendered":"https:\/\/loopery.co\/shop\/non%20class\u00e9\/maillot-4ans-16\/"},"modified":"2025-02-10T19:42:06","modified_gmt":"2025-02-10T18:42:06","slug":"maillot-4ans-16","status":"publish","type":"product","link":"https:\/\/loopery.co\/nl\/shop\/garcons\/3-4-ans-garcons\/maillot-4ans-16\/","title":{"rendered":"Zwemkleding - 4 jaar"},"content":{"rendered":"","protected":false},"excerpt":{"rendered":"<p>Tr\u00e8s l\u00e9g\u00e8re t\u00e2che \u00e0 l&rsquo;arri\u00e8re<\/p>","protected":false},"featured_media":275194,"template":"","meta":[],"product_brand":[],"product_cat":[35,53,176],"product_tag":[],"giftcard-category":[],"class_list":{"0":"post-275193","1":"product","2":"type-product","3":"status-publish","4":"has-post-thumbnail","6":"product_cat-garcons","7":"product_cat-3-4-ans-garcons","8":"product_cat-petit-defaut","9":"pa_couleurs-turquoise","10":"pa_etat-petit-defaut","11":"pa_genre-garcon","12":"pa_marques-vingino","13":"pa_saison-printemps-ete","14":"pa_sorte-maillots","15":"pa_tailles-4-ans","17":"first","18":"instock","19":"taxable","20":"shipping-taxable","21":"purchasable","22":"product-type-simple"},"_links":{"self":[{"href":"https:\/\/loopery.co\/nl\/wp-json\/wp\/v2\/product\/275193","targetHints":{"allow":["GET"]}}],"collection":[{"href":"https:\/\/loopery.co\/nl\/wp-json\/wp\/v2\/product"}],"about":[{"href":"https:\/\/loopery.co\/nl\/wp-json\/wp\/v2\/types\/product"}],"wp:featuredmedia":[{"embeddable":true,"href":"https:\/\/loopery.co\/nl\/wp-json\/wp\/v2\/media\/275194"}],"wp:attachment":[{"href":"https:\/\/loopery.co\/nl\/wp-json\/wp\/v2\/media?parent=275193"}],"wp:term":[{"taxonomy":"product_brand","embeddable":true,"href":"https:\/\/loopery.co\/nl\/wp-json\/wp\/v2\/product_brand?post=275193"},{"taxonomy":"product_cat","embeddable":true,"href":"https:\/\/loopery.co\/nl\/wp-json\/wp\/v2\/product_cat?post=275193"},{"taxonomy":"product_tag","embeddable":true,"href":"https:\/\/loopery.co\/nl\/wp-json\/wp\/v2\/product_tag?post=275193"},{"taxonomy":"giftcard-category","embeddable":true,"href":"https:\/\/loopery.co\/nl\/wp-json\/wp\/v2\/giftcard-category?post=275193"}],"curies":[{"name":"wp","href":"https:\/\/api.w.org\/{rel}","templated":true}]}}