{"id":275762,"date":"2024-01-24T10:40:53","date_gmt":"2024-01-24T09:40:53","guid":{"rendered":"https:\/\/loopery.co\/shop\/non%20class\u00e9\/polo-18mois-22\/"},"modified":"2024-12-29T19:57:17","modified_gmt":"2024-12-29T18:57:17","slug":"polo-18mois-22","status":"publish","type":"product","link":"https:\/\/loopery.co\/nl\/shop\/bebes-garcons\/18-mois-garcons\/polo-18mois-22\/","title":{"rendered":"Polo - 18 maanden"},"content":{"rendered":"","protected":false},"excerpt":{"rendered":"<p>L\u00e9g\u00e8rement d\u00e9color\u00e9 sur l&rsquo;avant<\/p>","protected":false},"featured_media":275763,"template":"","meta":[],"product_brand":[],"product_cat":[27,84,176],"product_tag":[],"giftcard-category":[],"class_list":{"0":"post-275762","1":"product","2":"type-product","3":"status-publish","4":"has-post-thumbnail","6":"product_cat-bebes-garcons","7":"product_cat-18-mois-garcons","8":"product_cat-petit-defaut","9":"pa_couleurs-bleu-marine","10":"pa_etat-petit-defaut","11":"pa_genre-garcon","12":"pa_marques-orchestra","13":"pa_saison-mi-saison","14":"pa_sorte-t-shirt-polos","15":"pa_tailles-18-mois","17":"first","18":"instock","19":"taxable","20":"shipping-taxable","21":"purchasable","22":"product-type-simple"},"_links":{"self":[{"href":"https:\/\/loopery.co\/nl\/wp-json\/wp\/v2\/product\/275762","targetHints":{"allow":["GET"]}}],"collection":[{"href":"https:\/\/loopery.co\/nl\/wp-json\/wp\/v2\/product"}],"about":[{"href":"https:\/\/loopery.co\/nl\/wp-json\/wp\/v2\/types\/product"}],"wp:featuredmedia":[{"embeddable":true,"href":"https:\/\/loopery.co\/nl\/wp-json\/wp\/v2\/media\/275763"}],"wp:attachment":[{"href":"https:\/\/loopery.co\/nl\/wp-json\/wp\/v2\/media?parent=275762"}],"wp:term":[{"taxonomy":"product_brand","embeddable":true,"href":"https:\/\/loopery.co\/nl\/wp-json\/wp\/v2\/product_brand?post=275762"},{"taxonomy":"product_cat","embeddable":true,"href":"https:\/\/loopery.co\/nl\/wp-json\/wp\/v2\/product_cat?post=275762"},{"taxonomy":"product_tag","embeddable":true,"href":"https:\/\/loopery.co\/nl\/wp-json\/wp\/v2\/product_tag?post=275762"},{"taxonomy":"giftcard-category","embeddable":true,"href":"https:\/\/loopery.co\/nl\/wp-json\/wp\/v2\/giftcard-category?post=275762"}],"curies":[{"name":"wp","href":"https:\/\/api.w.org\/{rel}","templated":true}]}}