{"id":283284,"date":"2025-02-09T19:02:39","date_gmt":"2025-02-09T18:02:39","guid":{"rendered":"https:\/\/loopery.co\/shop\/non%20class\u00e9\/t-shirt-6ans-180\/"},"modified":"2025-05-23T14:41:22","modified_gmt":"2025-05-23T12:41:22","slug":"t-shirt-6ans-180","status":"publish","type":"product","link":"https:\/\/loopery.co\/nl\/shop\/filles\/5-6-ans-filles\/t-shirt-6ans-180\/","title":{"rendered":"T-shirt - 6ans"},"content":{"rendered":"","protected":false},"excerpt":{"rendered":"<p>Tr\u00e8s l\u00e9g\u00e8re t\u00e2che blanche \u00e0 l&rsquo;avant<\/p>","protected":false},"featured_media":283285,"template":"","meta":[],"product_brand":[],"product_cat":[42,43,176],"product_tag":[],"giftcard-category":[],"class_list":{"0":"post-283284","1":"product","2":"type-product","3":"status-publish","4":"has-post-thumbnail","6":"product_cat-filles","7":"product_cat-5-6-ans-filles","8":"product_cat-petit-defaut","9":"pa_couleurs-bleu-marine","10":"pa_etat-petit-defaut","11":"pa_genre-fille","12":"pa_marques-zadig-voltaire","13":"pa_saison-printemps-ete","14":"pa_sorte-t-shirt-polos","15":"pa_tailles-6-ans","17":"first","18":"outofstock","19":"taxable","20":"shipping-taxable","21":"purchasable","22":"product-type-simple"},"_links":{"self":[{"href":"https:\/\/loopery.co\/nl\/wp-json\/wp\/v2\/product\/283284","targetHints":{"allow":["GET"]}}],"collection":[{"href":"https:\/\/loopery.co\/nl\/wp-json\/wp\/v2\/product"}],"about":[{"href":"https:\/\/loopery.co\/nl\/wp-json\/wp\/v2\/types\/product"}],"wp:featuredmedia":[{"embeddable":true,"href":"https:\/\/loopery.co\/nl\/wp-json\/wp\/v2\/media\/283285"}],"wp:attachment":[{"href":"https:\/\/loopery.co\/nl\/wp-json\/wp\/v2\/media?parent=283284"}],"wp:term":[{"taxonomy":"product_brand","embeddable":true,"href":"https:\/\/loopery.co\/nl\/wp-json\/wp\/v2\/product_brand?post=283284"},{"taxonomy":"product_cat","embeddable":true,"href":"https:\/\/loopery.co\/nl\/wp-json\/wp\/v2\/product_cat?post=283284"},{"taxonomy":"product_tag","embeddable":true,"href":"https:\/\/loopery.co\/nl\/wp-json\/wp\/v2\/product_tag?post=283284"},{"taxonomy":"giftcard-category","embeddable":true,"href":"https:\/\/loopery.co\/nl\/wp-json\/wp\/v2\/giftcard-category?post=283284"}],"curies":[{"name":"wp","href":"https:\/\/api.w.org\/{rel}","templated":true}]}}