{"id":283487,"date":"2024-08-23T09:36:40","date_gmt":"2024-08-23T07:36:40","guid":{"rendered":"https:\/\/loopery.co\/shop\/non%20class\u00e9\/sweat-6ans-37\/"},"modified":"2024-12-29T20:46:11","modified_gmt":"2024-12-29T19:46:11","slug":"sweat-6ans-37","status":"publish","type":"product","link":"https:\/\/loopery.co\/nl\/shop\/garcons\/5-6-ans-garcons\/sweat-6ans-37\/","title":{"rendered":"Sweater - 6 jaar"},"content":{"rendered":"","protected":false},"excerpt":{"rendered":"<p>T\u00e2che pr\u00e8s de l&rsquo;\u00e9paule gauche<\/p>","protected":false},"featured_media":283488,"template":"","meta":[],"product_brand":[],"product_cat":[35,72,176],"product_tag":[],"giftcard-category":[],"class_list":{"0":"post-283487","1":"product","2":"type-product","3":"status-publish","4":"has-post-thumbnail","6":"product_cat-garcons","7":"product_cat-5-6-ans-garcons","8":"product_cat-petit-defaut","9":"pa_couleurs-gris","10":"pa_etat-petit-defaut","11":"pa_genre-garcon","12":"pa_marques-american-outfitters","13":"pa_saison-mi-saison","14":"pa_sorte-pull-sweat-gilet","15":"pa_tailles-6-ans","17":"first","18":"instock","19":"taxable","20":"shipping-taxable","21":"purchasable","22":"product-type-simple"},"_links":{"self":[{"href":"https:\/\/loopery.co\/nl\/wp-json\/wp\/v2\/product\/283487","targetHints":{"allow":["GET"]}}],"collection":[{"href":"https:\/\/loopery.co\/nl\/wp-json\/wp\/v2\/product"}],"about":[{"href":"https:\/\/loopery.co\/nl\/wp-json\/wp\/v2\/types\/product"}],"wp:featuredmedia":[{"embeddable":true,"href":"https:\/\/loopery.co\/nl\/wp-json\/wp\/v2\/media\/283488"}],"wp:attachment":[{"href":"https:\/\/loopery.co\/nl\/wp-json\/wp\/v2\/media?parent=283487"}],"wp:term":[{"taxonomy":"product_brand","embeddable":true,"href":"https:\/\/loopery.co\/nl\/wp-json\/wp\/v2\/product_brand?post=283487"},{"taxonomy":"product_cat","embeddable":true,"href":"https:\/\/loopery.co\/nl\/wp-json\/wp\/v2\/product_cat?post=283487"},{"taxonomy":"product_tag","embeddable":true,"href":"https:\/\/loopery.co\/nl\/wp-json\/wp\/v2\/product_tag?post=283487"},{"taxonomy":"giftcard-category","embeddable":true,"href":"https:\/\/loopery.co\/nl\/wp-json\/wp\/v2\/giftcard-category?post=283487"}],"curies":[{"name":"wp","href":"https:\/\/api.w.org\/{rel}","templated":true}]}}