{"id":283865,"date":"2024-09-03T15:05:26","date_gmt":"2024-09-03T13:05:26","guid":{"rendered":"https:\/\/loopery.co\/shop\/non%20class\u00e9\/robe-12mois-175\/"},"modified":"2024-12-29T20:48:36","modified_gmt":"2024-12-29T19:48:36","slug":"robe-12mois-175","status":"publish","type":"product","link":"https:\/\/loopery.co\/nl\/shop\/bebes-filles\/12-mois-filles\/robe-12mois-175\/","title":{"rendered":"Jurk - 12 maanden"},"content":{"rendered":"","protected":false},"excerpt":{"rendered":"<p>Tr\u00e8s l\u00e9g\u00e8res t\u00e2ches \u00e0 l&rsquo;avant<\/p>","protected":false},"featured_media":283866,"template":"","meta":[],"product_brand":[],"product_cat":[64,81,176],"product_tag":[],"giftcard-category":[],"class_list":{"0":"post-283865","1":"product","2":"type-product","3":"status-publish","4":"has-post-thumbnail","6":"product_cat-bebes-filles","7":"product_cat-12-mois-filles","8":"product_cat-petit-defaut","9":"pa_couleurs-rose","10":"pa_etat-petit-defaut","11":"pa_genre-fille","12":"pa_marques-petit-bateau","13":"pa_saison-mi-saison","14":"pa_sorte-robes-ensembles","15":"pa_tailles-12-mois","17":"first","18":"instock","19":"taxable","20":"shipping-taxable","21":"purchasable","22":"product-type-simple"},"_links":{"self":[{"href":"https:\/\/loopery.co\/nl\/wp-json\/wp\/v2\/product\/283865","targetHints":{"allow":["GET"]}}],"collection":[{"href":"https:\/\/loopery.co\/nl\/wp-json\/wp\/v2\/product"}],"about":[{"href":"https:\/\/loopery.co\/nl\/wp-json\/wp\/v2\/types\/product"}],"wp:featuredmedia":[{"embeddable":true,"href":"https:\/\/loopery.co\/nl\/wp-json\/wp\/v2\/media\/283866"}],"wp:attachment":[{"href":"https:\/\/loopery.co\/nl\/wp-json\/wp\/v2\/media?parent=283865"}],"wp:term":[{"taxonomy":"product_brand","embeddable":true,"href":"https:\/\/loopery.co\/nl\/wp-json\/wp\/v2\/product_brand?post=283865"},{"taxonomy":"product_cat","embeddable":true,"href":"https:\/\/loopery.co\/nl\/wp-json\/wp\/v2\/product_cat?post=283865"},{"taxonomy":"product_tag","embeddable":true,"href":"https:\/\/loopery.co\/nl\/wp-json\/wp\/v2\/product_tag?post=283865"},{"taxonomy":"giftcard-category","embeddable":true,"href":"https:\/\/loopery.co\/nl\/wp-json\/wp\/v2\/giftcard-category?post=283865"}],"curies":[{"name":"wp","href":"https:\/\/api.w.org\/{rel}","templated":true}]}}