{"id":284415,"date":"2024-09-13T07:42:06","date_gmt":"2024-09-13T05:42:06","guid":{"rendered":"https:\/\/loopery.co\/shop\/non%20class\u00e9\/pull-24mois-17\/"},"modified":"2024-12-29T20:52:18","modified_gmt":"2024-12-29T19:52:18","slug":"pull-24mois-17","status":"publish","type":"product","link":"https:\/\/loopery.co\/nl\/shop\/bebes-garcons\/24-mois-garcons\/pull-24mois-17\/","title":{"rendered":"Trui - 24 maanden"},"content":{"rendered":"","protected":false},"excerpt":{"rendered":"<p>L\u00e9g\u00e8re petite t\u00e2che \u00e0 l&rsquo;avant<\/p>","protected":false},"featured_media":284416,"template":"","meta":[],"product_brand":[],"product_cat":[27,61,176],"product_tag":[],"giftcard-category":[],"class_list":{"0":"post-284415","1":"product","2":"type-product","3":"status-publish","4":"has-post-thumbnail","6":"product_cat-bebes-garcons","7":"product_cat-24-mois-garcons","8":"product_cat-petit-defaut","9":"pa_couleurs-orange","10":"pa_etat-petit-defaut","11":"pa_genre-garcon","12":"pa_marques-river-woods","13":"pa_saison-mi-saison","14":"pa_sorte-pull-sweat-gilet","15":"pa_tailles-24-mois","17":"first","18":"instock","19":"taxable","20":"shipping-taxable","21":"purchasable","22":"product-type-simple"},"_links":{"self":[{"href":"https:\/\/loopery.co\/nl\/wp-json\/wp\/v2\/product\/284415","targetHints":{"allow":["GET"]}}],"collection":[{"href":"https:\/\/loopery.co\/nl\/wp-json\/wp\/v2\/product"}],"about":[{"href":"https:\/\/loopery.co\/nl\/wp-json\/wp\/v2\/types\/product"}],"wp:featuredmedia":[{"embeddable":true,"href":"https:\/\/loopery.co\/nl\/wp-json\/wp\/v2\/media\/284416"}],"wp:attachment":[{"href":"https:\/\/loopery.co\/nl\/wp-json\/wp\/v2\/media?parent=284415"}],"wp:term":[{"taxonomy":"product_brand","embeddable":true,"href":"https:\/\/loopery.co\/nl\/wp-json\/wp\/v2\/product_brand?post=284415"},{"taxonomy":"product_cat","embeddable":true,"href":"https:\/\/loopery.co\/nl\/wp-json\/wp\/v2\/product_cat?post=284415"},{"taxonomy":"product_tag","embeddable":true,"href":"https:\/\/loopery.co\/nl\/wp-json\/wp\/v2\/product_tag?post=284415"},{"taxonomy":"giftcard-category","embeddable":true,"href":"https:\/\/loopery.co\/nl\/wp-json\/wp\/v2\/giftcard-category?post=284415"}],"curies":[{"name":"wp","href":"https:\/\/api.w.org\/{rel}","templated":true}]}}