{"id":284967,"date":"2024-09-24T14:40:41","date_gmt":"2024-09-24T12:40:41","guid":{"rendered":"https:\/\/loopery.co\/shop\/non%20class\u00e9\/combipilote-6-9mois\/"},"modified":"2026-01-15T14:41:47","modified_gmt":"2026-01-15T13:41:47","slug":"combipilote-6-9mois","status":"publish","type":"product","link":"https:\/\/loopery.co\/nl\/shop\/bebes-filles\/6-mois-filles\/combipilote-6-9mois\/","title":{"rendered":"Combipilote - 6\/9 maanden"},"content":{"rendered":"","protected":false},"excerpt":{"rendered":"<p>Attention, la combi est plus fine qu&rsquo;une combipilote classique, \u00e9paisseur \u00e9quivalente \u00e0 une veste coupe-vent.<\/p>","protected":false},"featured_media":284968,"template":"","meta":[],"product_brand":[],"product_cat":[64,66,67],"product_tag":[1065],"giftcard-category":[],"class_list":{"0":"post-284967","1":"product","2":"type-product","3":"status-publish","4":"has-post-thumbnail","6":"product_cat-bebes-filles","7":"product_cat-6-mois-filles","8":"product_cat-9-mois-filles","9":"product_tag-soldeshiver26","10":"pa_couleurs-rose","11":"pa_etat-tres-bon-etat","12":"pa_genre-fille","13":"pa_marques-marks-spencer","14":"pa_saison-mi-saison","15":"pa_sorte-vestes","16":"pa_sorte-puericulture","17":"pa_tailles-6-mois","18":"pa_tailles-9-mois","20":"first","21":"instock","22":"taxable","23":"shipping-taxable","24":"purchasable","25":"product-type-simple"},"_links":{"self":[{"href":"https:\/\/loopery.co\/nl\/wp-json\/wp\/v2\/product\/284967","targetHints":{"allow":["GET"]}}],"collection":[{"href":"https:\/\/loopery.co\/nl\/wp-json\/wp\/v2\/product"}],"about":[{"href":"https:\/\/loopery.co\/nl\/wp-json\/wp\/v2\/types\/product"}],"wp:featuredmedia":[{"embeddable":true,"href":"https:\/\/loopery.co\/nl\/wp-json\/wp\/v2\/media\/284968"}],"wp:attachment":[{"href":"https:\/\/loopery.co\/nl\/wp-json\/wp\/v2\/media?parent=284967"}],"wp:term":[{"taxonomy":"product_brand","embeddable":true,"href":"https:\/\/loopery.co\/nl\/wp-json\/wp\/v2\/product_brand?post=284967"},{"taxonomy":"product_cat","embeddable":true,"href":"https:\/\/loopery.co\/nl\/wp-json\/wp\/v2\/product_cat?post=284967"},{"taxonomy":"product_tag","embeddable":true,"href":"https:\/\/loopery.co\/nl\/wp-json\/wp\/v2\/product_tag?post=284967"},{"taxonomy":"giftcard-category","embeddable":true,"href":"https:\/\/loopery.co\/nl\/wp-json\/wp\/v2\/giftcard-category?post=284967"}],"curies":[{"name":"wp","href":"https:\/\/api.w.org\/{rel}","templated":true}]}}