{"id":311435,"date":"2025-06-17T18:15:06","date_gmt":"2025-06-17T16:15:06","guid":{"rendered":"https:\/\/loopery.co\/shop\/non%20class\u00e9\/baskets-19-vans\/"},"modified":"2026-01-15T14:25:47","modified_gmt":"2026-01-15T13:25:47","slug":"baskets-19-vans","status":"publish","type":"product","link":"https:\/\/loopery.co\/nl\/shop\/bebes-filles\/9-mois-filles\/baskets-19-vans\/","title":{"rendered":"Trainers - 19 <span class=\"lp-brand-title\"> VANS <\/span>"},"content":{"rendered":"","protected":false},"excerpt":{"rendered":"<p>Tissu l\u00e9g\u00e8rement t\u00e2ch\u00e9<\/p>","protected":false},"featured_media":311434,"template":"","meta":[],"product_brand":[],"product_cat":[81,67],"product_tag":[674,1065],"giftcard-category":[],"class_list":{"0":"post-311435","1":"product","2":"type-product","3":"status-publish","4":"has-post-thumbnail","6":"product_cat-12-mois-filles","7":"product_cat-9-mois-filles","8":"product_tag-marine-paquet","9":"product_tag-soldeshiver26","10":"pa_couleurs-multicolore","11":"pa_etat-petit-defaut","12":"pa_genre-fille","13":"pa_marques-vans","14":"pa_saison-mi-saison","15":"pa_sorte-chaussures","17":"first","18":"instock","19":"featured","20":"taxable","21":"shipping-taxable","22":"purchasable","23":"product-type-simple"},"_links":{"self":[{"href":"https:\/\/loopery.co\/nl\/wp-json\/wp\/v2\/product\/311435","targetHints":{"allow":["GET"]}}],"collection":[{"href":"https:\/\/loopery.co\/nl\/wp-json\/wp\/v2\/product"}],"about":[{"href":"https:\/\/loopery.co\/nl\/wp-json\/wp\/v2\/types\/product"}],"wp:featuredmedia":[{"embeddable":true,"href":"https:\/\/loopery.co\/nl\/wp-json\/wp\/v2\/media\/311434"}],"wp:attachment":[{"href":"https:\/\/loopery.co\/nl\/wp-json\/wp\/v2\/media?parent=311435"}],"wp:term":[{"taxonomy":"product_brand","embeddable":true,"href":"https:\/\/loopery.co\/nl\/wp-json\/wp\/v2\/product_brand?post=311435"},{"taxonomy":"product_cat","embeddable":true,"href":"https:\/\/loopery.co\/nl\/wp-json\/wp\/v2\/product_cat?post=311435"},{"taxonomy":"product_tag","embeddable":true,"href":"https:\/\/loopery.co\/nl\/wp-json\/wp\/v2\/product_tag?post=311435"},{"taxonomy":"giftcard-category","embeddable":true,"href":"https:\/\/loopery.co\/nl\/wp-json\/wp\/v2\/giftcard-category?post=311435"}],"curies":[{"name":"wp","href":"https:\/\/api.w.org\/{rel}","templated":true}]}}