{"id":312099,"date":"2025-06-25T16:27:03","date_gmt":"2025-06-25T14:27:03","guid":{"rendered":"https:\/\/loopery.co\/shop\/non%20class\u00e9\/jogging-6-9-mois-monoprix\/"},"modified":"2025-08-29T00:41:51","modified_gmt":"2025-08-28T22:41:51","slug":"jogging-6-9-mois-monoprix","status":"publish","type":"product","link":"https:\/\/loopery.co\/nl\/shop\/bebes-garcons\/9-mois-garcons\/jogging-6-9-mois-monoprix\/","title":{"rendered":"Jogging &#8211; 6\/9 mois <span class=\"lp-brand-title\"> MONOPRIX <\/span>"},"content":{"rendered":"","protected":false},"excerpt":{"rendered":"<p>L\u00e9g\u00e8rement t\u00e2ch\u00e9 sur la jambe gauche<\/p>","protected":false},"featured_media":312098,"template":"","meta":[],"product_brand":[],"product_cat":[47,28],"product_tag":[],"giftcard-category":[],"class_list":{"0":"post-312099","1":"product","2":"type-product","3":"status-publish","4":"has-post-thumbnail","6":"product_cat-6-mois-garcons","7":"product_cat-9-mois-garcons","8":"pa_couleurs-vert","9":"pa_etat-petit-defaut","10":"pa_genre-garcon","11":"pa_marques-monoprix","12":"pa_saison-mi-saison","13":"pa_sorte-pantalons","14":"pa_tailles-9-mois","15":"pa_tailles-12-mois","17":"first","18":"instock","19":"taxable","20":"shipping-taxable","21":"purchasable","22":"product-type-simple"},"_links":{"self":[{"href":"https:\/\/loopery.co\/nl\/wp-json\/wp\/v2\/product\/312099","targetHints":{"allow":["GET"]}}],"collection":[{"href":"https:\/\/loopery.co\/nl\/wp-json\/wp\/v2\/product"}],"about":[{"href":"https:\/\/loopery.co\/nl\/wp-json\/wp\/v2\/types\/product"}],"wp:featuredmedia":[{"embeddable":true,"href":"https:\/\/loopery.co\/nl\/wp-json\/wp\/v2\/media\/312098"}],"wp:attachment":[{"href":"https:\/\/loopery.co\/nl\/wp-json\/wp\/v2\/media?parent=312099"}],"wp:term":[{"taxonomy":"product_brand","embeddable":true,"href":"https:\/\/loopery.co\/nl\/wp-json\/wp\/v2\/product_brand?post=312099"},{"taxonomy":"product_cat","embeddable":true,"href":"https:\/\/loopery.co\/nl\/wp-json\/wp\/v2\/product_cat?post=312099"},{"taxonomy":"product_tag","embeddable":true,"href":"https:\/\/loopery.co\/nl\/wp-json\/wp\/v2\/product_tag?post=312099"},{"taxonomy":"giftcard-category","embeddable":true,"href":"https:\/\/loopery.co\/nl\/wp-json\/wp\/v2\/giftcard-category?post=312099"}],"curies":[{"name":"wp","href":"https:\/\/api.w.org\/{rel}","templated":true}]}}