{"id":313884,"date":"2025-08-29T17:50:47","date_gmt":"2025-08-29T15:50:47","guid":{"rendered":"https:\/\/loopery.co\/shop\/non class\u00e9\/robe-paillette-7-ans-sergent-major\/"},"modified":"2025-08-29T17:50:47","modified_gmt":"2025-08-29T15:50:47","slug":"robe-paillette-7-ans-sergent-major","status":"publish","type":"product","link":"https:\/\/loopery.co\/nl\/shop\/filles\/7-8-ans-filles\/robe-paillette-7-ans-sergent-major\/","title":{"rendered":"Robe Paillette &#8211; 7 ans <span class=\"lp-brand-title\"> SERGEANT-MAJOOR <\/span>"},"content":{"rendered":"","protected":false},"excerpt":{"rendered":"<p>Petite t\u00e2che sur le bas \u00e0 l&rsquo;avant, discr\u00e8te dans les plis. (voir photo)<\/p>","protected":false},"featured_media":313882,"template":"","meta":[],"product_brand":[],"product_cat":[112,92],"product_tag":[],"giftcard-category":[],"class_list":{"0":"post-313884","1":"product","2":"type-product","3":"status-publish","4":"has-post-thumbnail","6":"product_cat-fetes","7":"product_cat-7-8-ans-filles","8":"pa_couleurs-blanc","9":"pa_etat-petit-defaut","10":"pa_genre-fille","11":"pa_marques-sergent-major","12":"pa_saison-mi-saison","13":"pa_sorte-robes-ensembles","14":"pa_tailles-7-ans","16":"first","17":"instock","18":"taxable","19":"shipping-taxable","20":"purchasable","21":"product-type-simple"},"_links":{"self":[{"href":"https:\/\/loopery.co\/nl\/wp-json\/wp\/v2\/product\/313884","targetHints":{"allow":["GET"]}}],"collection":[{"href":"https:\/\/loopery.co\/nl\/wp-json\/wp\/v2\/product"}],"about":[{"href":"https:\/\/loopery.co\/nl\/wp-json\/wp\/v2\/types\/product"}],"wp:featuredmedia":[{"embeddable":true,"href":"https:\/\/loopery.co\/nl\/wp-json\/wp\/v2\/media\/313882"}],"wp:attachment":[{"href":"https:\/\/loopery.co\/nl\/wp-json\/wp\/v2\/media?parent=313884"}],"wp:term":[{"taxonomy":"product_brand","embeddable":true,"href":"https:\/\/loopery.co\/nl\/wp-json\/wp\/v2\/product_brand?post=313884"},{"taxonomy":"product_cat","embeddable":true,"href":"https:\/\/loopery.co\/nl\/wp-json\/wp\/v2\/product_cat?post=313884"},{"taxonomy":"product_tag","embeddable":true,"href":"https:\/\/loopery.co\/nl\/wp-json\/wp\/v2\/product_tag?post=313884"},{"taxonomy":"giftcard-category","embeddable":true,"href":"https:\/\/loopery.co\/nl\/wp-json\/wp\/v2\/giftcard-category?post=313884"}],"curies":[{"name":"wp","href":"https:\/\/api.w.org\/{rel}","templated":true}]}}