{"id":314156,"date":"2024-12-31T13:00:00","date_gmt":"2024-12-31T12:00:00","guid":{"rendered":"https:\/\/loopery.co\/shop\/non class\u00e9\/pantalon-velours-12-mois-bonpoint\/"},"modified":"2024-12-31T13:00:00","modified_gmt":"2024-12-31T12:00:00","slug":"pantalon-velours-12-mois-bonpoint","status":"publish","type":"product","link":"https:\/\/loopery.co\/nl\/shop\/bebes-filles\/12-mois-filles\/pantalon-velours-12-mois-bonpoint\/","title":{"rendered":"Pantalon Velours &#8211; 12 mois <span class=\"lp-brand-title\"> BONPOINT <\/span>"},"content":{"rendered":"","protected":false},"excerpt":{"rendered":"<p>L\u00e9g\u00e8rement us\u00e9 au genou gauche<\/p>","protected":false},"featured_media":314154,"template":"","meta":[],"product_brand":[],"product_cat":[81,93],"product_tag":[],"giftcard-category":[],"class_list":{"0":"post-314156","1":"product","2":"type-product","3":"status-publish","4":"has-post-thumbnail","6":"product_cat-12-mois-filles","7":"product_cat-12-mois-garcons","8":"pa_couleurs-vert","9":"pa_etat-petit-defaut","10":"pa_genre-fille","11":"pa_genre-garcon","12":"pa_marques-bonpoint","13":"pa_saison-automne-hiver","14":"pa_sorte-pantalons","15":"pa_tailles-12-mois","17":"first","18":"instock","19":"featured","20":"taxable","21":"shipping-taxable","22":"purchasable","23":"product-type-simple"},"_links":{"self":[{"href":"https:\/\/loopery.co\/nl\/wp-json\/wp\/v2\/product\/314156","targetHints":{"allow":["GET"]}}],"collection":[{"href":"https:\/\/loopery.co\/nl\/wp-json\/wp\/v2\/product"}],"about":[{"href":"https:\/\/loopery.co\/nl\/wp-json\/wp\/v2\/types\/product"}],"wp:featuredmedia":[{"embeddable":true,"href":"https:\/\/loopery.co\/nl\/wp-json\/wp\/v2\/media\/314154"}],"wp:attachment":[{"href":"https:\/\/loopery.co\/nl\/wp-json\/wp\/v2\/media?parent=314156"}],"wp:term":[{"taxonomy":"product_brand","embeddable":true,"href":"https:\/\/loopery.co\/nl\/wp-json\/wp\/v2\/product_brand?post=314156"},{"taxonomy":"product_cat","embeddable":true,"href":"https:\/\/loopery.co\/nl\/wp-json\/wp\/v2\/product_cat?post=314156"},{"taxonomy":"product_tag","embeddable":true,"href":"https:\/\/loopery.co\/nl\/wp-json\/wp\/v2\/product_tag?post=314156"},{"taxonomy":"giftcard-category","embeddable":true,"href":"https:\/\/loopery.co\/nl\/wp-json\/wp\/v2\/giftcard-category?post=314156"}],"curies":[{"name":"wp","href":"https:\/\/api.w.org\/{rel}","templated":true}]}}