{"id":314916,"date":"2025-09-26T18:07:59","date_gmt":"2025-09-26T16:07:59","guid":{"rendered":"https:\/\/loopery.co\/shop\/non class\u00e9\/body-a-col-9-mois-sergent-major-4\/"},"modified":"2026-01-15T14:54:48","modified_gmt":"2026-01-15T13:54:48","slug":"body-a-col-9-mois-sergent-major-4","status":"publish","type":"product","link":"https:\/\/loopery.co\/nl\/shop\/bebes-filles\/9-mois-filles\/body-a-col-9-mois-sergent-major-4\/","title":{"rendered":"Body \u00e0 col &#8211; 9 mois  SERGENT MAJOR"},"content":{"rendered":"","protected":false},"excerpt":{"rendered":"<p>Motif l\u00e9g\u00e8rement d\u00e9teint a l&rsquo;avant<\/p>","protected":false},"featured_media":314915,"template":"","meta":[],"product_brand":[],"product_cat":[67],"product_tag":[1065],"giftcard-category":[],"class_list":{"0":"post-314916","1":"product","2":"type-product","3":"status-publish","4":"has-post-thumbnail","6":"product_cat-9-mois-filles","7":"product_tag-soldeshiver26","8":"pa_couleurs-beige","9":"pa_etat-petit-defaut","10":"pa_genre-fille","11":"pa_marques-sergent-major","12":"pa_saison-mi-saison","13":"pa_sorte-sous-vetements-bodies","14":"pa_tailles-9-mois","16":"first","17":"instock","18":"taxable","19":"shipping-taxable","20":"purchasable","21":"product-type-simple"},"_links":{"self":[{"href":"https:\/\/loopery.co\/nl\/wp-json\/wp\/v2\/product\/314916","targetHints":{"allow":["GET"]}}],"collection":[{"href":"https:\/\/loopery.co\/nl\/wp-json\/wp\/v2\/product"}],"about":[{"href":"https:\/\/loopery.co\/nl\/wp-json\/wp\/v2\/types\/product"}],"wp:featuredmedia":[{"embeddable":true,"href":"https:\/\/loopery.co\/nl\/wp-json\/wp\/v2\/media\/314915"}],"wp:attachment":[{"href":"https:\/\/loopery.co\/nl\/wp-json\/wp\/v2\/media?parent=314916"}],"wp:term":[{"taxonomy":"product_brand","embeddable":true,"href":"https:\/\/loopery.co\/nl\/wp-json\/wp\/v2\/product_brand?post=314916"},{"taxonomy":"product_cat","embeddable":true,"href":"https:\/\/loopery.co\/nl\/wp-json\/wp\/v2\/product_cat?post=314916"},{"taxonomy":"product_tag","embeddable":true,"href":"https:\/\/loopery.co\/nl\/wp-json\/wp\/v2\/product_tag?post=314916"},{"taxonomy":"giftcard-category","embeddable":true,"href":"https:\/\/loopery.co\/nl\/wp-json\/wp\/v2\/giftcard-category?post=314916"}],"curies":[{"name":"wp","href":"https:\/\/api.w.org\/{rel}","templated":true}]}}