{"id":316622,"date":"2025-10-24T16:52:49","date_gmt":"2025-10-24T14:52:49","guid":{"rendered":"https:\/\/loopery.co\/shop\/non class\u00e9\/ensemble-5-ans-okaidi\/"},"modified":"2025-10-24T16:52:49","modified_gmt":"2025-10-24T14:52:49","slug":"ensemble-5-ans-okaidi","status":"publish","type":"product","link":"https:\/\/loopery.co\/nl\/shop\/garcons\/5-6-ans-garcons\/ensemble-5-ans-okaidi\/","title":{"rendered":"Ensemble &#8211; 5 ans <span class=\"lp-brand-title\"> OKAIDI <\/span>"},"content":{"rendered":"","protected":false},"excerpt":{"rendered":"<p>L\u00e9g\u00e8re trace d\u00e9color\u00e9e sur l&rsquo;\u00e9lastique de la taille du pantalon<\/p>","protected":false},"featured_media":316621,"template":"","meta":[],"product_brand":[],"product_cat":[72],"product_tag":[],"giftcard-category":[],"class_list":{"0":"post-316622","1":"product","2":"type-product","3":"status-publish","4":"has-post-thumbnail","6":"product_cat-5-6-ans-garcons","7":"pa_couleurs-bleu","8":"pa_etat-petit-defaut","9":"pa_genre-garcon","10":"pa_marques-okaidi","11":"pa_saison-mi-saison","12":"pa_sorte-robes-ensembles","13":"pa_tailles-5-ans","15":"first","16":"instock","17":"taxable","18":"shipping-taxable","19":"purchasable","20":"product-type-simple"},"_links":{"self":[{"href":"https:\/\/loopery.co\/nl\/wp-json\/wp\/v2\/product\/316622","targetHints":{"allow":["GET"]}}],"collection":[{"href":"https:\/\/loopery.co\/nl\/wp-json\/wp\/v2\/product"}],"about":[{"href":"https:\/\/loopery.co\/nl\/wp-json\/wp\/v2\/types\/product"}],"wp:featuredmedia":[{"embeddable":true,"href":"https:\/\/loopery.co\/nl\/wp-json\/wp\/v2\/media\/316621"}],"wp:attachment":[{"href":"https:\/\/loopery.co\/nl\/wp-json\/wp\/v2\/media?parent=316622"}],"wp:term":[{"taxonomy":"product_brand","embeddable":true,"href":"https:\/\/loopery.co\/nl\/wp-json\/wp\/v2\/product_brand?post=316622"},{"taxonomy":"product_cat","embeddable":true,"href":"https:\/\/loopery.co\/nl\/wp-json\/wp\/v2\/product_cat?post=316622"},{"taxonomy":"product_tag","embeddable":true,"href":"https:\/\/loopery.co\/nl\/wp-json\/wp\/v2\/product_tag?post=316622"},{"taxonomy":"giftcard-category","embeddable":true,"href":"https:\/\/loopery.co\/nl\/wp-json\/wp\/v2\/giftcard-category?post=316622"}],"curies":[{"name":"wp","href":"https:\/\/api.w.org\/{rel}","templated":true}]}}