{"id":316758,"date":"2025-07-31T15:00:00","date_gmt":"2025-07-31T13:00:00","guid":{"rendered":"https:\/\/loopery.co\/shop\/non class\u00e9\/chapeau-uv-reversible-3-6-mois-liewood\/"},"modified":"2026-05-11T15:13:33","modified_gmt":"2026-05-11T13:13:33","slug":"chapeau-uv-reversible-3-6-mois-liewood","status":"publish","type":"product","link":"https:\/\/loopery.co\/nl\/shop\/bebes-filles\/6-mois-filles\/chapeau-uv-reversible-3-6-mois-liewood\/","title":{"rendered":"Chapeau UV R\u00e9versible &#8211; 3\/6 mois <span class=\"lp-brand-title\"> LIEWOOD <\/span>"},"content":{"rendered":"","protected":false},"excerpt":{"rendered":"<p>Neuf mais avec une tr\u00e8s l\u00e9g\u00e8re trace brune sur l&rsquo;arri\u00e8re du cot\u00e9 \u00e0 pois.<\/p>","protected":false},"featured_media":316756,"template":"","meta":[],"product_brand":[],"product_cat":[990,85,66,78,47],"product_tag":[],"giftcard-category":[],"class_list":{"0":"post-316758","1":"product","2":"type-product","3":"status-publish","4":"has-post-thumbnail","6":"product_cat-plage","7":"product_cat-3-mois-filles","8":"product_cat-6-mois-filles","9":"product_cat-3-mois-garcons","10":"product_cat-6-mois-garcons","11":"pa_couleurs-blanc","12":"pa_etat-petit-defaut","13":"pa_genre-fille","14":"pa_genre-garcon","15":"pa_marques-liewood","16":"pa_saison-printemps-ete","17":"pa_sorte-accessoires","18":"pa_tailles-3-mois","19":"pa_tailles-6-mois","21":"first","22":"instock","23":"taxable","24":"shipping-taxable","25":"purchasable","26":"product-type-simple"},"_links":{"self":[{"href":"https:\/\/loopery.co\/nl\/wp-json\/wp\/v2\/product\/316758","targetHints":{"allow":["GET"]}}],"collection":[{"href":"https:\/\/loopery.co\/nl\/wp-json\/wp\/v2\/product"}],"about":[{"href":"https:\/\/loopery.co\/nl\/wp-json\/wp\/v2\/types\/product"}],"wp:featuredmedia":[{"embeddable":true,"href":"https:\/\/loopery.co\/nl\/wp-json\/wp\/v2\/media\/316756"}],"wp:attachment":[{"href":"https:\/\/loopery.co\/nl\/wp-json\/wp\/v2\/media?parent=316758"}],"wp:term":[{"taxonomy":"product_brand","embeddable":true,"href":"https:\/\/loopery.co\/nl\/wp-json\/wp\/v2\/product_brand?post=316758"},{"taxonomy":"product_cat","embeddable":true,"href":"https:\/\/loopery.co\/nl\/wp-json\/wp\/v2\/product_cat?post=316758"},{"taxonomy":"product_tag","embeddable":true,"href":"https:\/\/loopery.co\/nl\/wp-json\/wp\/v2\/product_tag?post=316758"},{"taxonomy":"giftcard-category","embeddable":true,"href":"https:\/\/loopery.co\/nl\/wp-json\/wp\/v2\/giftcard-category?post=316758"}],"curies":[{"name":"wp","href":"https:\/\/api.w.org\/{rel}","templated":true}]}}