{"id":317930,"date":"2025-12-03T12:03:53","date_gmt":"2025-12-03T11:03:53","guid":{"rendered":"https:\/\/loopery.co\/shop\/non class\u00e9\/veste-2-3-ans-next\/"},"modified":"2026-01-15T14:29:35","modified_gmt":"2026-01-15T13:29:35","slug":"veste-2-3-ans-next","status":"publish","type":"product","link":"https:\/\/loopery.co\/nl\/shop\/garcons\/3-4-ans-garcons\/veste-2-3-ans-next\/","title":{"rendered":"Veste &#8211; 2\/3 ans <span class=\"lp-brand-title\"> VOLGENDE <\/span>"},"content":{"rendered":"","protected":false},"excerpt":{"rendered":"<p>doublure moumoute l\u00e9g\u00e8rement us\u00e9e au niveau du col.<\/p>","protected":false},"featured_media":317929,"template":"","meta":[],"product_brand":[],"product_cat":[61,53],"product_tag":[1065],"giftcard-category":[],"class_list":{"0":"post-317930","1":"product","2":"type-product","3":"status-publish","4":"has-post-thumbnail","6":"product_cat-24-mois-garcons","7":"product_cat-3-4-ans-garcons","8":"product_tag-soldeshiver26","9":"pa_couleurs-bleu","10":"pa_etat-petit-defaut","11":"pa_genre-garcon","12":"pa_marques-next","13":"pa_saison-mi-saison","14":"pa_sorte-vestes","15":"pa_tailles-24-mois","16":"pa_tailles-3-ans","17":"pa_tailles-4-ans","19":"first","20":"instock","21":"taxable","22":"shipping-taxable","23":"purchasable","24":"product-type-simple"},"_links":{"self":[{"href":"https:\/\/loopery.co\/nl\/wp-json\/wp\/v2\/product\/317930","targetHints":{"allow":["GET"]}}],"collection":[{"href":"https:\/\/loopery.co\/nl\/wp-json\/wp\/v2\/product"}],"about":[{"href":"https:\/\/loopery.co\/nl\/wp-json\/wp\/v2\/types\/product"}],"wp:featuredmedia":[{"embeddable":true,"href":"https:\/\/loopery.co\/nl\/wp-json\/wp\/v2\/media\/317929"}],"wp:attachment":[{"href":"https:\/\/loopery.co\/nl\/wp-json\/wp\/v2\/media?parent=317930"}],"wp:term":[{"taxonomy":"product_brand","embeddable":true,"href":"https:\/\/loopery.co\/nl\/wp-json\/wp\/v2\/product_brand?post=317930"},{"taxonomy":"product_cat","embeddable":true,"href":"https:\/\/loopery.co\/nl\/wp-json\/wp\/v2\/product_cat?post=317930"},{"taxonomy":"product_tag","embeddable":true,"href":"https:\/\/loopery.co\/nl\/wp-json\/wp\/v2\/product_tag?post=317930"},{"taxonomy":"giftcard-category","embeddable":true,"href":"https:\/\/loopery.co\/nl\/wp-json\/wp\/v2\/giftcard-category?post=317930"}],"curies":[{"name":"wp","href":"https:\/\/api.w.org\/{rel}","templated":true}]}}