{"id":317995,"date":"2025-12-04T15:03:23","date_gmt":"2025-12-04T14:03:23","guid":{"rendered":"https:\/\/loopery.co\/shop\/non%20class\u00e9\/jeans-xxs-zara\/"},"modified":"2025-12-04T15:39:25","modified_gmt":"2025-12-04T14:39:25","slug":"jeans-xxs-zara","status":"publish","type":"product","link":"https:\/\/loopery.co\/nl\/shop\/filles\/13-16-ans-filles\/jeans-xxs-zara\/","title":{"rendered":"Jeans &#8211; XXS <span class=\"lp-brand-title\"> ZARA <\/span>"},"content":{"rendered":"","protected":false},"excerpt":{"rendered":"<p>L\u00e9g\u00e8re usure au niveau des poches arri\u00e8res. Taille eur 32<\/p>","protected":false},"featured_media":317994,"template":"","meta":[],"product_brand":[],"product_cat":[127],"product_tag":[310],"giftcard-category":[],"class_list":{"0":"post-317995","1":"product","2":"type-product","3":"status-publish","4":"has-post-thumbnail","6":"product_cat-13-16-ans-filles","7":"product_tag-poesy-sophie","8":"pa_couleurs-gris","9":"pa_etat-petit-defaut","10":"pa_genre-fille","11":"pa_marques-zara","12":"pa_saison-mi-saison","13":"pa_sorte-pantalons","14":"pa_tailles-13-ans","15":"pa_tailles-14-ans","16":"pa_tailles-15-ans","17":"pa_tailles-16-ans","19":"first","20":"instock","21":"featured","22":"taxable","23":"shipping-taxable","24":"purchasable","25":"product-type-simple"},"_links":{"self":[{"href":"https:\/\/loopery.co\/nl\/wp-json\/wp\/v2\/product\/317995","targetHints":{"allow":["GET"]}}],"collection":[{"href":"https:\/\/loopery.co\/nl\/wp-json\/wp\/v2\/product"}],"about":[{"href":"https:\/\/loopery.co\/nl\/wp-json\/wp\/v2\/types\/product"}],"wp:featuredmedia":[{"embeddable":true,"href":"https:\/\/loopery.co\/nl\/wp-json\/wp\/v2\/media\/317994"}],"wp:attachment":[{"href":"https:\/\/loopery.co\/nl\/wp-json\/wp\/v2\/media?parent=317995"}],"wp:term":[{"taxonomy":"product_brand","embeddable":true,"href":"https:\/\/loopery.co\/nl\/wp-json\/wp\/v2\/product_brand?post=317995"},{"taxonomy":"product_cat","embeddable":true,"href":"https:\/\/loopery.co\/nl\/wp-json\/wp\/v2\/product_cat?post=317995"},{"taxonomy":"product_tag","embeddable":true,"href":"https:\/\/loopery.co\/nl\/wp-json\/wp\/v2\/product_tag?post=317995"},{"taxonomy":"giftcard-category","embeddable":true,"href":"https:\/\/loopery.co\/nl\/wp-json\/wp\/v2\/giftcard-category?post=317995"}],"curies":[{"name":"wp","href":"https:\/\/api.w.org\/{rel}","templated":true}]}}