{"id":319414,"date":"2026-01-11T22:19:12","date_gmt":"2026-01-11T21:19:12","guid":{"rendered":"https:\/\/loopery.co\/shop\/non class\u00e9\/pantalon-velours-9-mois-orchestra\/"},"modified":"2026-01-11T22:19:12","modified_gmt":"2026-01-11T21:19:12","slug":"pantalon-velours-9-mois-orchestra","status":"publish","type":"product","link":"https:\/\/loopery.co\/nl\/shop\/bebes-filles\/9-mois-filles\/pantalon-velours-9-mois-orchestra\/","title":{"rendered":"Pantalon Velours &#8211; 9 mois <span class=\"lp-brand-title\"> ORCHESTRA <\/span>"},"content":{"rendered":"","protected":false},"excerpt":{"rendered":"<p>Tr\u00e8s \u00e9pais, moumoute \u00e0 l&rsquo;int\u00e9rieur<\/p>","protected":false},"featured_media":319412,"template":"","meta":[],"product_brand":[],"product_cat":[67],"product_tag":[],"giftcard-category":[],"class_list":{"0":"post-319414","1":"product","2":"type-product","3":"status-publish","4":"has-post-thumbnail","6":"product_cat-9-mois-filles","7":"pa_couleurs-rouge","8":"pa_etat-tres-bon-etat","9":"pa_genre-fille","10":"pa_marques-orchestra","11":"pa_saison-automne-hiver","12":"pa_sorte-pantalons","13":"pa_tailles-9-mois","15":"first","16":"instock","17":"taxable","18":"shipping-taxable","19":"purchasable","20":"product-type-simple"},"_links":{"self":[{"href":"https:\/\/loopery.co\/nl\/wp-json\/wp\/v2\/product\/319414","targetHints":{"allow":["GET"]}}],"collection":[{"href":"https:\/\/loopery.co\/nl\/wp-json\/wp\/v2\/product"}],"about":[{"href":"https:\/\/loopery.co\/nl\/wp-json\/wp\/v2\/types\/product"}],"wp:featuredmedia":[{"embeddable":true,"href":"https:\/\/loopery.co\/nl\/wp-json\/wp\/v2\/media\/319412"}],"wp:attachment":[{"href":"https:\/\/loopery.co\/nl\/wp-json\/wp\/v2\/media?parent=319414"}],"wp:term":[{"taxonomy":"product_brand","embeddable":true,"href":"https:\/\/loopery.co\/nl\/wp-json\/wp\/v2\/product_brand?post=319414"},{"taxonomy":"product_cat","embeddable":true,"href":"https:\/\/loopery.co\/nl\/wp-json\/wp\/v2\/product_cat?post=319414"},{"taxonomy":"product_tag","embeddable":true,"href":"https:\/\/loopery.co\/nl\/wp-json\/wp\/v2\/product_tag?post=319414"},{"taxonomy":"giftcard-category","embeddable":true,"href":"https:\/\/loopery.co\/nl\/wp-json\/wp\/v2\/giftcard-category?post=319414"}],"curies":[{"name":"wp","href":"https:\/\/api.w.org\/{rel}","templated":true}]}}