{"id":319930,"date":"2026-01-27T15:48:53","date_gmt":"2026-01-27T14:48:53","guid":{"rendered":"https:\/\/loopery.co\/shop\/non class\u00e9\/robe-9-12-mois-primark-3\/"},"modified":"2026-01-27T15:48:53","modified_gmt":"2026-01-27T14:48:53","slug":"robe-9-12-mois-primark-3","status":"publish","type":"product","link":"https:\/\/loopery.co\/nl\/shop\/bebes-filles\/9-mois-filles\/robe-9-12-mois-primark-3\/","title":{"rendered":"Jurk - 9\/12 maanden <span class=\"lp-brand-title\"> PRIMARK <\/span>"},"content":{"rendered":"","protected":false},"excerpt":{"rendered":"<p>le pompon du renne gauche est l\u00e9g\u00e8rement d\u00e9cousu.<\/p>","protected":false},"featured_media":319929,"template":"","meta":[],"product_brand":[],"product_cat":[81,67,117],"product_tag":[],"giftcard-category":[],"class_list":{"0":"post-319930","1":"product","2":"type-product","3":"status-publish","4":"has-post-thumbnail","6":"product_cat-12-mois-filles","7":"product_cat-9-mois-filles","8":"product_cat-noel","9":"pa_couleurs-rouge","10":"pa_etat-petit-defaut","11":"pa_genre-fille","12":"pa_marques-primark","13":"pa_saison-automne-hiver","14":"pa_sorte-robes-ensembles","15":"pa_tailles-9-mois","16":"pa_tailles-12-mois","18":"first","19":"instock","20":"taxable","21":"shipping-taxable","22":"purchasable","23":"product-type-simple"},"_links":{"self":[{"href":"https:\/\/loopery.co\/nl\/wp-json\/wp\/v2\/product\/319930","targetHints":{"allow":["GET"]}}],"collection":[{"href":"https:\/\/loopery.co\/nl\/wp-json\/wp\/v2\/product"}],"about":[{"href":"https:\/\/loopery.co\/nl\/wp-json\/wp\/v2\/types\/product"}],"wp:featuredmedia":[{"embeddable":true,"href":"https:\/\/loopery.co\/nl\/wp-json\/wp\/v2\/media\/319929"}],"wp:attachment":[{"href":"https:\/\/loopery.co\/nl\/wp-json\/wp\/v2\/media?parent=319930"}],"wp:term":[{"taxonomy":"product_brand","embeddable":true,"href":"https:\/\/loopery.co\/nl\/wp-json\/wp\/v2\/product_brand?post=319930"},{"taxonomy":"product_cat","embeddable":true,"href":"https:\/\/loopery.co\/nl\/wp-json\/wp\/v2\/product_cat?post=319930"},{"taxonomy":"product_tag","embeddable":true,"href":"https:\/\/loopery.co\/nl\/wp-json\/wp\/v2\/product_tag?post=319930"},{"taxonomy":"giftcard-category","embeddable":true,"href":"https:\/\/loopery.co\/nl\/wp-json\/wp\/v2\/giftcard-category?post=319930"}],"curies":[{"name":"wp","href":"https:\/\/api.w.org\/{rel}","templated":true}]}}