{"id":320478,"date":"2026-02-05T17:04:21","date_gmt":"2026-02-05T16:04:21","guid":{"rendered":"https:\/\/loopery.co\/shop\/non class\u00e9\/pull-3-ans-petit-bateau\/"},"modified":"2026-02-05T17:04:21","modified_gmt":"2026-02-05T16:04:21","slug":"pull-3-ans-petit-bateau","status":"publish","type":"product","link":"https:\/\/loopery.co\/nl\/shop\/filles\/3-4-ans-filles\/pull-3-ans-petit-bateau\/","title":{"rendered":"Trui - 3 jaar <span class=\"lp-brand-title\"> KLEINE BOOT <\/span>"},"content":{"rendered":"","protected":false},"excerpt":{"rendered":"<p>l\u00e9g\u00e8re usure au bout des manches pull l\u00e9ger<\/p>","protected":false},"featured_media":320477,"template":"","meta":[],"product_brand":[],"product_cat":[57,53],"product_tag":[],"giftcard-category":[],"class_list":{"0":"post-320478","1":"product","2":"type-product","3":"status-publish","4":"has-post-thumbnail","6":"product_cat-3-4-ans-filles","7":"product_cat-3-4-ans-garcons","8":"pa_couleurs-blanc","9":"pa_etat-petit-defaut","10":"pa_genre-fille","11":"pa_genre-garcon","12":"pa_marques-petit-bateau","13":"pa_saison-mi-saison","14":"pa_sorte-pull-sweat-gilet","15":"pa_tailles-3-ans","17":"first","18":"instock","19":"featured","20":"taxable","21":"shipping-taxable","22":"purchasable","23":"product-type-simple"},"_links":{"self":[{"href":"https:\/\/loopery.co\/nl\/wp-json\/wp\/v2\/product\/320478","targetHints":{"allow":["GET"]}}],"collection":[{"href":"https:\/\/loopery.co\/nl\/wp-json\/wp\/v2\/product"}],"about":[{"href":"https:\/\/loopery.co\/nl\/wp-json\/wp\/v2\/types\/product"}],"wp:featuredmedia":[{"embeddable":true,"href":"https:\/\/loopery.co\/nl\/wp-json\/wp\/v2\/media\/320477"}],"wp:attachment":[{"href":"https:\/\/loopery.co\/nl\/wp-json\/wp\/v2\/media?parent=320478"}],"wp:term":[{"taxonomy":"product_brand","embeddable":true,"href":"https:\/\/loopery.co\/nl\/wp-json\/wp\/v2\/product_brand?post=320478"},{"taxonomy":"product_cat","embeddable":true,"href":"https:\/\/loopery.co\/nl\/wp-json\/wp\/v2\/product_cat?post=320478"},{"taxonomy":"product_tag","embeddable":true,"href":"https:\/\/loopery.co\/nl\/wp-json\/wp\/v2\/product_tag?post=320478"},{"taxonomy":"giftcard-category","embeddable":true,"href":"https:\/\/loopery.co\/nl\/wp-json\/wp\/v2\/giftcard-category?post=320478"}],"curies":[{"name":"wp","href":"https:\/\/api.w.org\/{rel}","templated":true}]}}