{"id":321645,"date":"2026-03-10T14:50:37","date_gmt":"2026-03-10T13:50:37","guid":{"rendered":"https:\/\/loopery.co\/shop\/non class\u00e9\/sandales-29-biomodex\/"},"modified":"2026-03-10T14:50:37","modified_gmt":"2026-03-10T13:50:37","slug":"sandales-29-biomodex","status":"publish","type":"product","link":"https:\/\/loopery.co\/nl\/shop\/filles\/5-6-ans-filles\/sandales-29-biomodex\/","title":{"rendered":"Sandalen - \u20ac29 <span class=\"lp-brand-title\"> BIOMODEX <\/span>"},"content":{"rendered":"","protected":false},"excerpt":{"rendered":"<p>L\u00e9g\u00e8res traces d&rsquo;usure \u00e0 l&rsquo;avant<\/p>","protected":false},"featured_media":321644,"template":"","meta":[],"product_brand":[],"product_cat":[57,43,92,53,72,99],"product_tag":[],"giftcard-category":[],"class_list":{"0":"post-321645","1":"product","2":"type-product","3":"status-publish","4":"has-post-thumbnail","6":"product_cat-3-4-ans-filles","7":"product_cat-5-6-ans-filles","8":"product_cat-7-8-ans-filles","9":"product_cat-3-4-ans-garcons","10":"product_cat-5-6-ans-garcons","11":"product_cat-7-8-ans-garcons","12":"pa_couleurs-bleu","13":"pa_etat-petit-defaut","14":"pa_genre-fille","15":"pa_genre-garcon","16":"pa_marques-biomodex","17":"pa_saison-printemps-ete","18":"pa_sorte-chaussures","20":"first","21":"instock","22":"taxable","23":"shipping-taxable","24":"purchasable","25":"product-type-simple"},"_links":{"self":[{"href":"https:\/\/loopery.co\/nl\/wp-json\/wp\/v2\/product\/321645","targetHints":{"allow":["GET"]}}],"collection":[{"href":"https:\/\/loopery.co\/nl\/wp-json\/wp\/v2\/product"}],"about":[{"href":"https:\/\/loopery.co\/nl\/wp-json\/wp\/v2\/types\/product"}],"wp:featuredmedia":[{"embeddable":true,"href":"https:\/\/loopery.co\/nl\/wp-json\/wp\/v2\/media\/321644"}],"wp:attachment":[{"href":"https:\/\/loopery.co\/nl\/wp-json\/wp\/v2\/media?parent=321645"}],"wp:term":[{"taxonomy":"product_brand","embeddable":true,"href":"https:\/\/loopery.co\/nl\/wp-json\/wp\/v2\/product_brand?post=321645"},{"taxonomy":"product_cat","embeddable":true,"href":"https:\/\/loopery.co\/nl\/wp-json\/wp\/v2\/product_cat?post=321645"},{"taxonomy":"product_tag","embeddable":true,"href":"https:\/\/loopery.co\/nl\/wp-json\/wp\/v2\/product_tag?post=321645"},{"taxonomy":"giftcard-category","embeddable":true,"href":"https:\/\/loopery.co\/nl\/wp-json\/wp\/v2\/giftcard-category?post=321645"}],"curies":[{"name":"wp","href":"https:\/\/api.w.org\/{rel}","templated":true}]}}