{"id":321790,"date":"2026-03-13T10:18:18","date_gmt":"2026-03-13T09:18:18","guid":{"rendered":"https:\/\/loopery.co\/shop\/non class\u00e9\/pyjama-0-1-mois-fagottino\/"},"modified":"2026-03-13T10:18:18","modified_gmt":"2026-03-13T09:18:18","slug":"pyjama-0-1-mois-fagottino","status":"publish","type":"product","link":"https:\/\/loopery.co\/nl\/shop\/bebes-filles\/0-1-mois-filles\/pyjama-0-1-mois-fagottino\/","title":{"rendered":"Pyjama &#8211; 0\/1 mois <span class=\"lp-brand-title\"> FAGOTTINO <\/span>"},"content":{"rendered":"","protected":false},"excerpt":{"rendered":"<p>Petite t\u00e2che \u00e0 l&rsquo;arri\u00e8re en haut du pied gauche.<\/p>","protected":false},"featured_media":321789,"template":"","meta":[],"product_brand":[],"product_cat":[65],"product_tag":[],"giftcard-category":[],"class_list":{"0":"post-321790","1":"product","2":"type-product","3":"status-publish","4":"has-post-thumbnail","6":"product_cat-0-1-mois-filles","7":"pa_couleurs-rose","8":"pa_etat-petit-defaut","9":"pa_genre-fille","10":"pa_marques-fagottino","11":"pa_saison-mi-saison","12":"pa_sorte-nuit","13":"pa_tailles-0-mois","14":"pa_tailles-1-mois","16":"first","17":"instock","18":"taxable","19":"shipping-taxable","20":"purchasable","21":"product-type-simple"},"_links":{"self":[{"href":"https:\/\/loopery.co\/nl\/wp-json\/wp\/v2\/product\/321790","targetHints":{"allow":["GET"]}}],"collection":[{"href":"https:\/\/loopery.co\/nl\/wp-json\/wp\/v2\/product"}],"about":[{"href":"https:\/\/loopery.co\/nl\/wp-json\/wp\/v2\/types\/product"}],"wp:featuredmedia":[{"embeddable":true,"href":"https:\/\/loopery.co\/nl\/wp-json\/wp\/v2\/media\/321789"}],"wp:attachment":[{"href":"https:\/\/loopery.co\/nl\/wp-json\/wp\/v2\/media?parent=321790"}],"wp:term":[{"taxonomy":"product_brand","embeddable":true,"href":"https:\/\/loopery.co\/nl\/wp-json\/wp\/v2\/product_brand?post=321790"},{"taxonomy":"product_cat","embeddable":true,"href":"https:\/\/loopery.co\/nl\/wp-json\/wp\/v2\/product_cat?post=321790"},{"taxonomy":"product_tag","embeddable":true,"href":"https:\/\/loopery.co\/nl\/wp-json\/wp\/v2\/product_tag?post=321790"},{"taxonomy":"giftcard-category","embeddable":true,"href":"https:\/\/loopery.co\/nl\/wp-json\/wp\/v2\/giftcard-category?post=321790"}],"curies":[{"name":"wp","href":"https:\/\/api.w.org\/{rel}","templated":true}]}}