{"id":323124,"date":"2025-12-31T13:00:00","date_gmt":"2025-12-31T12:00:00","guid":{"rendered":"https:\/\/loopery.co\/shop\/non class\u00e9\/pull-7-ans-jbc\/"},"modified":"2025-12-31T13:00:00","modified_gmt":"2025-12-31T12:00:00","slug":"pull-7-ans-jbc","status":"publish","type":"product","link":"https:\/\/loopery.co\/nl\/shop\/garcons\/7-8-ans-garcons\/pull-7-ans-jbc\/","title":{"rendered":"Trui - 7 jaar <span class=\"lp-brand-title\"> JBC <\/span>"},"content":{"rendered":"","protected":false},"excerpt":{"rendered":"<p>L\u00e8g\u00e8rement bouloch\u00e9<\/p>","protected":false},"featured_media":323123,"template":"","meta":[],"product_brand":[],"product_cat":[99],"product_tag":[],"giftcard-category":[],"class_list":{"0":"post-323124","1":"product","2":"type-product","3":"status-publish","4":"has-post-thumbnail","6":"product_cat-7-8-ans-garcons","7":"pa_couleurs-bleu","8":"pa_etat-petit-defaut","9":"pa_genre-garcon","10":"pa_marques-jbc","11":"pa_saison-automne-hiver","12":"pa_sorte-pull-sweat-gilet","13":"pa_tailles-7-ans","15":"first","16":"instock","17":"taxable","18":"shipping-taxable","19":"purchasable","20":"product-type-simple"},"_links":{"self":[{"href":"https:\/\/loopery.co\/nl\/wp-json\/wp\/v2\/product\/323124","targetHints":{"allow":["GET"]}}],"collection":[{"href":"https:\/\/loopery.co\/nl\/wp-json\/wp\/v2\/product"}],"about":[{"href":"https:\/\/loopery.co\/nl\/wp-json\/wp\/v2\/types\/product"}],"wp:featuredmedia":[{"embeddable":true,"href":"https:\/\/loopery.co\/nl\/wp-json\/wp\/v2\/media\/323123"}],"wp:attachment":[{"href":"https:\/\/loopery.co\/nl\/wp-json\/wp\/v2\/media?parent=323124"}],"wp:term":[{"taxonomy":"product_brand","embeddable":true,"href":"https:\/\/loopery.co\/nl\/wp-json\/wp\/v2\/product_brand?post=323124"},{"taxonomy":"product_cat","embeddable":true,"href":"https:\/\/loopery.co\/nl\/wp-json\/wp\/v2\/product_cat?post=323124"},{"taxonomy":"product_tag","embeddable":true,"href":"https:\/\/loopery.co\/nl\/wp-json\/wp\/v2\/product_tag?post=323124"},{"taxonomy":"giftcard-category","embeddable":true,"href":"https:\/\/loopery.co\/nl\/wp-json\/wp\/v2\/giftcard-category?post=323124"}],"curies":[{"name":"wp","href":"https:\/\/api.w.org\/{rel}","templated":true}]}}