{"id":324850,"date":"2026-05-12T15:06:55","date_gmt":"2026-05-12T13:06:55","guid":{"rendered":"https:\/\/loopery.co\/shop\/non class\u00e9\/sweat-10-ans-scotch-soda\/"},"modified":"2026-05-12T15:06:55","modified_gmt":"2026-05-12T13:06:55","slug":"sweat-10-ans-scotch-soda","status":"publish","type":"product","link":"https:\/\/loopery.co\/nl\/shop\/filles\/9-10-ans-filles\/sweat-10-ans-scotch-soda\/","title":{"rendered":"Sweater - 10 jaar <span class=\"lp-brand-title\"> SCOTCH &amp; SODA <\/span>"},"content":{"rendered":"","protected":false},"excerpt":{"rendered":"<p>imprim\u00e9 l\u00e9g\u00e8rement craquel\u00e9 (voir photo)<\/p>","protected":false},"featured_media":324848,"template":"","meta":[],"product_brand":[],"product_cat":[70],"product_tag":[],"giftcard-category":[],"class_list":{"0":"post-324850","1":"product","2":"type-product","3":"status-publish","4":"has-post-thumbnail","6":"product_cat-9-10-ans-filles","7":"pa_couleurs-vert","8":"pa_etat-petit-defaut","9":"pa_genre-fille","10":"pa_marques-scotch-soda","11":"pa_saison-mi-saison","12":"pa_sorte-pull-sweat-gilet","13":"pa_tailles-10-ans","15":"first","16":"instock","17":"taxable","18":"shipping-taxable","19":"purchasable","20":"product-type-simple"},"_links":{"self":[{"href":"https:\/\/loopery.co\/nl\/wp-json\/wp\/v2\/product\/324850","targetHints":{"allow":["GET"]}}],"collection":[{"href":"https:\/\/loopery.co\/nl\/wp-json\/wp\/v2\/product"}],"about":[{"href":"https:\/\/loopery.co\/nl\/wp-json\/wp\/v2\/types\/product"}],"wp:featuredmedia":[{"embeddable":true,"href":"https:\/\/loopery.co\/nl\/wp-json\/wp\/v2\/media\/324848"}],"wp:attachment":[{"href":"https:\/\/loopery.co\/nl\/wp-json\/wp\/v2\/media?parent=324850"}],"wp:term":[{"taxonomy":"product_brand","embeddable":true,"href":"https:\/\/loopery.co\/nl\/wp-json\/wp\/v2\/product_brand?post=324850"},{"taxonomy":"product_cat","embeddable":true,"href":"https:\/\/loopery.co\/nl\/wp-json\/wp\/v2\/product_cat?post=324850"},{"taxonomy":"product_tag","embeddable":true,"href":"https:\/\/loopery.co\/nl\/wp-json\/wp\/v2\/product_tag?post=324850"},{"taxonomy":"giftcard-category","embeddable":true,"href":"https:\/\/loopery.co\/nl\/wp-json\/wp\/v2\/giftcard-category?post=324850"}],"curies":[{"name":"wp","href":"https:\/\/api.w.org\/{rel}","templated":true}]}}