{"id":324854,"date":"2025-12-31T13:00:00","date_gmt":"2025-12-31T12:00:00","guid":{"rendered":"https:\/\/loopery.co\/shop\/non class\u00e9\/pyjama-velours-12-ans-cyrillus\/"},"modified":"2025-12-31T13:00:00","modified_gmt":"2025-12-31T12:00:00","slug":"pyjama-velours-12-ans-cyrillus","status":"publish","type":"product","link":"https:\/\/loopery.co\/nl\/shop\/filles\/11-12-ans-filles\/pyjama-velours-12-ans-cyrillus\/","title":{"rendered":"Pyjama Velours &#8211; 12 ans <span class=\"lp-brand-title\"> CYRILLUS <\/span>"},"content":{"rendered":"","protected":false},"excerpt":{"rendered":"<p>l\u00e9g\u00e8re trace d&rsquo;usure au col et \u00e0 la ceinture.<\/p>","protected":false},"featured_media":324851,"template":"","meta":[],"product_brand":[],"product_cat":[128],"product_tag":[],"giftcard-category":[],"class_list":{"0":"post-324854","1":"product","2":"type-product","3":"status-publish","4":"has-post-thumbnail","6":"product_cat-11-12-ans-filles","7":"pa_couleurs-bleu","8":"pa_etat-petit-defaut","9":"pa_genre-fille","10":"pa_marques-cyrillus","11":"pa_saison-automne-hiver","12":"pa_sorte-nuit","13":"pa_tailles-12-ans","15":"first","16":"instock","17":"taxable","18":"shipping-taxable","19":"purchasable","20":"product-type-simple"},"_links":{"self":[{"href":"https:\/\/loopery.co\/nl\/wp-json\/wp\/v2\/product\/324854","targetHints":{"allow":["GET"]}}],"collection":[{"href":"https:\/\/loopery.co\/nl\/wp-json\/wp\/v2\/product"}],"about":[{"href":"https:\/\/loopery.co\/nl\/wp-json\/wp\/v2\/types\/product"}],"wp:featuredmedia":[{"embeddable":true,"href":"https:\/\/loopery.co\/nl\/wp-json\/wp\/v2\/media\/324851"}],"wp:attachment":[{"href":"https:\/\/loopery.co\/nl\/wp-json\/wp\/v2\/media?parent=324854"}],"wp:term":[{"taxonomy":"product_brand","embeddable":true,"href":"https:\/\/loopery.co\/nl\/wp-json\/wp\/v2\/product_brand?post=324854"},{"taxonomy":"product_cat","embeddable":true,"href":"https:\/\/loopery.co\/nl\/wp-json\/wp\/v2\/product_cat?post=324854"},{"taxonomy":"product_tag","embeddable":true,"href":"https:\/\/loopery.co\/nl\/wp-json\/wp\/v2\/product_tag?post=324854"},{"taxonomy":"giftcard-category","embeddable":true,"href":"https:\/\/loopery.co\/nl\/wp-json\/wp\/v2\/giftcard-category?post=324854"}],"curies":[{"name":"wp","href":"https:\/\/api.w.org\/{rel}","templated":true}]}}