{"id":324926,"date":"2026-05-12T15:58:30","date_gmt":"2026-05-12T13:58:30","guid":{"rendered":"https:\/\/loopery.co\/shop\/non class\u00e9\/veste-jeans-14-ans-zadig-voltaire\/"},"modified":"2026-05-12T15:58:30","modified_gmt":"2026-05-12T13:58:30","slug":"veste-jeans-14-ans-zadig-voltaire","status":"publish","type":"product","link":"https:\/\/loopery.co\/nl\/shop\/filles\/13-16-ans-filles\/veste-jeans-14-ans-zadig-voltaire\/","title":{"rendered":"Veste jeans &#8211; 14 ans <span class=\"lp-brand-title\"> ZADIG &amp; VOLTAIRE <\/span>"},"content":{"rendered":"","protected":false},"excerpt":{"rendered":"<p>quelques minis taches brunes tr\u00e8s discr\u00e8tes (voir photo) + une tache dans la doublure (non visible port\u00e9e)<\/p>","protected":false},"featured_media":324924,"template":"","meta":[],"product_brand":[],"product_cat":[127],"product_tag":[],"giftcard-category":[],"class_list":{"0":"post-324926","1":"product","2":"type-product","3":"status-publish","4":"has-post-thumbnail","6":"product_cat-13-16-ans-filles","7":"pa_couleurs-bleu","8":"pa_etat-petit-defaut","9":"pa_genre-fille","10":"pa_marques-zadig-voltaire","11":"pa_saison-mi-saison","12":"pa_sorte-vestes","13":"pa_tailles-14-ans","15":"first","16":"instock","17":"taxable","18":"shipping-taxable","19":"purchasable","20":"product-type-simple"},"_links":{"self":[{"href":"https:\/\/loopery.co\/nl\/wp-json\/wp\/v2\/product\/324926","targetHints":{"allow":["GET"]}}],"collection":[{"href":"https:\/\/loopery.co\/nl\/wp-json\/wp\/v2\/product"}],"about":[{"href":"https:\/\/loopery.co\/nl\/wp-json\/wp\/v2\/types\/product"}],"wp:featuredmedia":[{"embeddable":true,"href":"https:\/\/loopery.co\/nl\/wp-json\/wp\/v2\/media\/324924"}],"wp:attachment":[{"href":"https:\/\/loopery.co\/nl\/wp-json\/wp\/v2\/media?parent=324926"}],"wp:term":[{"taxonomy":"product_brand","embeddable":true,"href":"https:\/\/loopery.co\/nl\/wp-json\/wp\/v2\/product_brand?post=324926"},{"taxonomy":"product_cat","embeddable":true,"href":"https:\/\/loopery.co\/nl\/wp-json\/wp\/v2\/product_cat?post=324926"},{"taxonomy":"product_tag","embeddable":true,"href":"https:\/\/loopery.co\/nl\/wp-json\/wp\/v2\/product_tag?post=324926"},{"taxonomy":"giftcard-category","embeddable":true,"href":"https:\/\/loopery.co\/nl\/wp-json\/wp\/v2\/giftcard-category?post=324926"}],"curies":[{"name":"wp","href":"https:\/\/api.w.org\/{rel}","templated":true}]}}